{"id":2015,"date":"2024-07-17T16:01:27","date_gmt":"2024-07-17T14:01:27","guid":{"rendered":"https:\/\/www.rossettievergani.com\/?page_id=2015"},"modified":"2024-09-06T14:52:31","modified_gmt":"2024-09-06T12:52:31","slug":"privacy-e-cookies","status":"publish","type":"page","link":"https:\/\/www.rossettievergani.com\/index.php\/privacy-e-cookies\/","title":{"rendered":"Privacy &amp; Cookies"},"content":{"rendered":"\t\t<div data-elementor-type=\"wp-page\" data-elementor-id=\"2015\" class=\"elementor elementor-2015\" data-elementor-post-type=\"page\">\n\t\t\t\t<div class=\"elementor-element elementor-element-9199648 e-flex e-con-boxed e-con e-parent\" data-id=\"9199648\" data-element_type=\"container\" data-e-type=\"container\">\n\t\t\t\t\t<div class=\"e-con-inner\">\n\t\t<div class=\"elementor-element elementor-element-755c592f e-con-full e-flex e-con e-child\" data-id=\"755c592f\" data-element_type=\"container\" data-e-type=\"container\">\n\t\t\t\t<div class=\"elementor-element elementor-element-5dc49e9b elementor-widget elementor-widget-heading\" data-id=\"5dc49e9b\" data-element_type=\"widget\" data-e-type=\"widget\" data-widget_type=\"heading.default\">\n\t\t\t\t<div class=\"elementor-widget-container\">\n\t\t\t\t\t<h1 class=\"elementor-heading-title elementor-size-default\">Privacy &amp; Cookies<\/h1>\t\t\t\t<\/div>\n\t\t\t\t<\/div>\n\t\t\t\t<\/div>\n\t\t\t\t\t<\/div>\n\t\t\t\t<\/div>\n\t\t<div class=\"elementor-element elementor-element-ed279d4 e-flex e-con-boxed e-con e-parent\" data-id=\"ed279d4\" data-element_type=\"container\" data-e-type=\"container\">\n\t\t\t\t\t<div class=\"e-con-inner\">\n\t\t\t\t<div class=\"elementor-element elementor-element-5de7f39 elementor-widget elementor-widget-text-editor\" data-id=\"5de7f39\" data-element_type=\"widget\" data-e-type=\"widget\" data-widget_type=\"text-editor.default\">\n\t\t\t\t<div class=\"elementor-widget-container\">\n\t\t\t\t\t\t\t\t\t<p><strong>Rossetti e Vergani srl si impegna nel proteggere la vostra privacy<\/strong> e nello sviluppare nuove tecnologie per darvi nuove esperienze online sempre pi\u00f9 sicure ed interessanti.<\/p><p>Rossetti e Vergani srl rispetta la Privacy di chiunque visiti questo sito web; le informazioni eventualmente raccolte serviranno per fornire i servizi richiesti e saranno trattate in conformit\u00e0 alle condizioni legali italiane per la protezione della privacy e dei dati. I titolari e responsabili del trattamento possono essere contattati per ogni richiesta d\u2019informazione (tramite lettera o e-mail) agli indirizzi sotto indicati. Rossetti e Vergani srl, inoltre, non \u00e8 responsabile delle informazioni contenute in siti esterni al dominio aziendale\u00a0 rossettievergani.com e accessibili attraverso link dal presente sito.<\/p><p><strong>Rossetti e Vergani srl non vende o cede in alcun modo queste informazioni a terzi.<\/strong><\/p><p>Per qualsiasi informazioni potete scrivere ai seguenti indirizzi:<\/p><p>Indirizzo: via I Maggio 19 \u2013 20885 Ronco Briantino (MB)<\/p><p>Email: info@rossettievergani.com<\/p><p>Pec: rossettivergani@legalmail.it<\/p>\t\t\t\t\t\t\t\t<\/div>\n\t\t\t\t<\/div>\n\t\t\t\t<div class=\"elementor-element elementor-element-d14d2dd elementor-widget elementor-widget-heading\" data-id=\"d14d2dd\" data-element_type=\"widget\" data-e-type=\"widget\" data-widget_type=\"heading.default\">\n\t\t\t\t<div class=\"elementor-widget-container\">\n\t\t\t\t\t<h3 class=\"elementor-heading-title elementor-size-default\">GDPR - Informativa trattamento Clienti<\/h3>\t\t\t\t<\/div>\n\t\t\t\t<\/div>\n\t\t\t\t<div class=\"elementor-element elementor-element-86510f5 elementor-widget elementor-widget-text-editor\" data-id=\"86510f5\" data-element_type=\"widget\" data-e-type=\"widget\" data-widget_type=\"text-editor.default\">\n\t\t\t\t<div class=\"elementor-widget-container\">\n\t\t\t\t\t\t\t\t\t<p>Rossetti e Vergani srl, in qualit\u00e0 di titolare del trattamento dei dati personali ai sensi degli artt.13 e 14 del Regolamento UE 679\/2016 \u2013 Regolamento Generale sulla Protezione dei Dati (\u201cRGPD\u201d), in ottemperanza agli obblighi dettati dal legislatore a tutela della privacy, con la presente desidera informarLa in via preventiva, tanto dell\u2019uso dei suoi dati personali, quanto dei suoi diritti, comunicando quanto segue:<\/p><p><strong>a) TITOLARE ED ALTRI SOGGETTI RESPONSABILI<\/strong><\/p><p>Titolare del trattamento \u00e8 Rossetti e Vergani srl, C.F. 03555490139, email: info@rossettievergani.com, Tel. 039 2280287, con sede in via I Maggio 19 \u2013 20885 Ronco Briantino (MB) \u2013 Italia. L\u2019elenco aggiornato dei soggetti responsabili del trattamento, con le relative aree di competenza, \u00e8:<\/p><p>Titolare del trattamento \u2013 Rossetti e Vergani srl \u2013 Rappresentante Legale: Rossetti Rosalia<\/p><p><strong>b) I DATI PERSONALI OGGETTO DI TRATTAMENTO<\/strong><\/p><p>Dati anagrafici, di contatto, tracce contabili dei servizi prestati, informazioni finanziarie, debitorie, scadenze, richieste, documenti di ciclo attivo e di ciclo passivo, etc.<br \/>Dati personali non particolari (identificativi, contabili, finanziari, etc.) \u2013 Durata: Informazioni mantenute per il tempo di durata del contratto. Al termine, saranno mantenute le sole informazioni richieste da obblighi di legge<\/p><p><strong>c) FINALITA\u2019, BASE GIURIDICA E NATURA OBBLIGATORIA O FACOLTATIVA DEL TRATTAMENTO<\/strong><\/p><p>La fonte dei dati di cui al punto b \u00e8: Dati forniti dall\u2019interessato<\/p><p>Finalit\u00e0 Principale: Gestione anagrafica clienti. Esecuzione di un contratto. Controllo ed organizzazione aziendale ed esecuzione di obblighi di legge<\/p><p>Base Giuridica: il trattamento \u00e8 necessario all\u2019esecuzione di un contratto di cui l\u2019interessato \u00e8 parte o all\u2019esecuzione di misure precontrattuali adottate su richiesta dello stesso.<\/p><p><strong>d) DESTINATARI<\/strong><\/p><p>Esclusivamente per le finalit\u00e0 sopra indicate, i dati saranno resi conoscibili, oltre che alle unit\u00e0 di personale interno al riguardo competenti, anche a collaboratori esterni incaricati del loro trattamento il cui elenco \u00e8 disponibile presso la sede del titolare<\/p><p><strong>e) TRASFERIMENTI<\/strong><\/p><p>Non sono presenti trasferimenti di Dati Personali a Destinatari fuori dall\u2019Unione Europea.<\/p><p><strong>f) CONSERVAZIONE DEI DATI<\/strong><\/p><p>Tutti i dati personali conferiti saranno trattati nel rispetto dei principi di liceit\u00e0, correttezza, pertinenza e proporzionalit\u00e0, solo con le modalit\u00e0, anche informatiche e telematiche, strettamente necessarie per perseguire le finalit\u00e0 sopra descritte. In ogni caso, i dati personali saranno conservati per un periodo di tempo non superiore a quello strettamente necessario al conseguimento delle finalit\u00e0 indicate. I dati personali dei quali non \u00e8 necessaria la conservazione o per cui la conservazione non sia prevista dalla vigente normativa, in relazione agli scopi indicati, saranno cancellati o trasformati in forma anonima. Si evidenzia che i sistemi informativi impiegati per la gestione delle informazioni raccolte sono configurati, gi\u00e0 in origine, in modo da minimizzare l\u2019utilizzo dei dati.<\/p><p><strong>g) I SUOI DIRITTI<\/strong><\/p><p>Si rammenta che l\u2019interessato ha diritto di accedere in ogni momento ai dati che Lo riguardano, rivolgendo la Sua richiesta al nostro responsabile del trattamento designato per il riscontro, utilizzando i recapiti di seguito indicati:<\/p><p>Titolare del trattamento \u00e8 Rossetti e Vergani srl, C.F. 03555490139, email: info@rossettievergani.com, Tel. 039 2280287, con sede in via I Maggio 19 \u2013 20885 Ronco Briantino (MB) \u2013 Italia.<\/p><p>Allo stesso modo pu\u00f2 esercitare, riguardo al trattamento in oggetto, i seguenti diritti: Informazione, Accesso ai dati, Rettifica dei dati, Cancellazione dei dati, Limitazione del trattamento, Portabilit\u00e0 dei dati, Proporre reclamo ad autorit\u00e0 di controllo, Revoca del consenso (L\u2019eventuale revoca del consenso non pregiudica la liceit\u00e0 del trattamento basato sul consenso prestato prima della revoca)<\/p>\t\t\t\t\t\t\t\t<\/div>\n\t\t\t\t<\/div>\n\t\t\t\t<div class=\"elementor-element elementor-element-ed38639 elementor-widget elementor-widget-heading\" data-id=\"ed38639\" data-element_type=\"widget\" data-e-type=\"widget\" data-widget_type=\"heading.default\">\n\t\t\t\t<div class=\"elementor-widget-container\">\n\t\t\t\t\t<h3 class=\"elementor-heading-title elementor-size-default\">COOKIES<\/h3>\t\t\t\t<\/div>\n\t\t\t\t<\/div>\n\t\t\t\t<div class=\"elementor-element elementor-element-53f5591 elementor-widget elementor-widget-text-editor\" data-id=\"53f5591\" data-element_type=\"widget\" data-e-type=\"widget\" data-widget_type=\"text-editor.default\">\n\t\t\t\t<div class=\"elementor-widget-container\">\n\t\t\t\t\t\t\t\t\t<p>Informativa Utilizzo dei Cookies<\/p><p><strong>Cosa sono i cookies?<\/strong><\/p><p>I cookies sono piccoli file di testo che i siti visitati dall\u2019utente inviano al suo terminale (solitamente al browser), dove vengono memorizzati per essere poi ritrasmessi agli stessi siti alla successiva visita del medesimo utente<br \/>Rossetti e Vergani srl quali tipologie di cookies utilizza?<\/p><p><strong>COOKIES DI NAVIGAZIONE<\/strong><\/p><p>Questi cookies sono fondamentali per permettervi di muovervi all\u2019interno del sito e per usare le sue funzionalit\u00e0, quali ad esempio accedere alle aree riservate del sito internet. Senza questi cookies non possono essere forniti i servizi richiesti. I cookies strettamente necessari sono utilizzati per memorizzare un identificatore univoco al fine di gestire e identificare l\u2019utente in quanto unico rispetto agli altri utenti che in quel momento stanno visitando il sito, in modo da fornire all\u2019utente un servizio coerente e preciso.<\/p><p>Alcuni esempi comprendono:<\/p><p>Il ricordo di precedenti azioni (per esempio testo inserito) durante la navigazione a ritroso verso una pagina nella medesima sessione;<br \/>Mantenimento dell\u2019identificazione utente per l\u2019implementazione di aree riservate del sito internet;<br \/>Instradamento dei clienti verso specifiche versioni\/applicazioni di un servizio, come potrebbe rendersi necessario durante una migrazione tecnica;<\/p><p><strong>PERFORMANCE COOKIES<\/strong><\/p><p>Questi cookies possono essere di sessione o persistenti, il loro utilizzo \u00e8 limitato alla performance e al miglioramento del sito internet. Questi cookies raccolgono informazioni su come un visitatore usa il sito, quali ad esempio le pagine visitate. Questi cookies non raccolgono informazioni che possono identificare l\u2019utente. Tutte le informazioni raccolte da questi cookies sono aggregate in forma anonima e sono utilizzate solo per migliorare la funzionalit\u00e0 del sito.<\/p><p>Alcuni esempi comprendono:<\/p><p>Web Analytics, i dati raccolti sono limitati solamente all\u2019utilizzo del sito internet da parte dell\u2019operatore, per gestire la performance e la struttura del sito.<br \/>Gestione degli errori \u2014 Misurazione degli errori che si presentano sul sito, solitamente questa funzione supporter\u00e0 il miglioramento dei servizi o la gestione dei reclami e sar\u00e0 generalmente strettamente legata all\u2019analitica web;<br \/>Testare differenti strutture delle pagine del sito \u2014 Test sulle variazioni della struttura, usando solitamente test A\/B o multi-variabili, per assicurare che nelle sessioni correnti e successive venga conservato un aspetto coerente per l\u2019utente del sito.<\/p><p><strong>COOKIES FUNZIONALI<\/strong><\/p><p>Questi cookies possono avere durata di sessione o essere persistenti. Questi cookies solitamente sono conseguenti ad un\u2019azione dell\u2019utente, ma possono essere implementati anche nella fornitura di un servizio non esplicitamente richiesto ma offerto all\u2019utente. Possono essere utilizzati anche per evitare che si offra di nuovo a quel dato utente un servizio in precedenza offerto e rifiutato. Inoltre, questi cookies permettono al sito di ricordare le scelte dell\u2019utente (quali ad esempio nome utente, lingua, paese di origine, etc.). Le informazioni raccolte da questi cookies sono anonime e non possono tracciare il comportamento dell\u2019utente su altri siti.<\/p><p>Alcuni esempi comprendono:<\/p><p>ricordare le impostazioni che un utente ha applicato a un sito internet quali ad esempio layout, dimensione del font, preferenze, colore, etc.;<br \/>ricordare una scelta di modo che non venga pi\u00f9 richiesta la compilazione di un questionario;<br \/>rilevare se un servizio \u00e8 gi\u00e0 stato offerto, quale ad esempio offerta di un tutorial per visite successive del sito internet;<br \/>fornire informazioni in modo da permettere il funzionamento di un servizio opzionale quale ad esempio l\u2019offerta di una sessione in live chat;<br \/>adempimento di una richiesta dell\u2019utente quale ad esempio presentazione di un commento.<\/p><p><strong>COOKIES PER MARKETING\/RETARGETING<\/strong><\/p><p>Questi cookies sono utilizzati da Rossetti e Vergani srl al fine di presentare dei banner pubblicitari di Rossetti e Vergani srl quando l\u2019utente visita altri siti, mostrando gli ultimi prodotti che l\u2019utente stesso ha guardato sul sito Rossetti e Vergani srl.<\/p><p>Mentre l\u2019utente visita il sito www.rossettievergani.com, questi cookies sono utilizzati anche per mostrargli prodotti che potrebbero interessargli o simili a quelli che l\u2019utente ha guardato in precedenza, basandosi sulla sua cronologia di navigazione.<\/p><p>L\u2019uso di questi cookies non implica il trattamento di dati personali, ma pu\u00f2 permettere la connessione al computer dell\u2019utente o ad altri dispositivi e rintracciare i dati salvati: questi cookies si connettono al browser installato sul computer o su altri dispositivi utilizzati durante la navigazione sul nostro sito.<\/p><p>Per questi cookies \u00e8 previsto un consenso preventivo che viene richiesto al momento di accesso al sito.<\/p><p>Per ogni ulteriore informazione si rinvia a:<\/p><p>Regolamento UE n. 2016\/679\u00a0del Parlamento Europeo e Consiglio, del 27 aprile 2016, relativo alla protezione delle persone fisiche con riguardo al trattamento dei dati personali, nonch\u00e9 alla libera circolazione di tali dati e che abroga la direttiva 95\/46\/CE (regolamento generale sulla protezione dei dati).<\/p><p>Provvedimento del Garante della Privacy n. 229\/2014, relativo alla \u201cIndividuazione delle modalit\u00e0 semplificate per l\u2019informativa e l\u2019acquisizione del consenso per l\u2019uso dei cookie.\u201d<\/p>\t\t\t\t\t\t\t\t<\/div>\n\t\t\t\t<\/div>\n\t\t\t\t\t<\/div>\n\t\t\t\t<\/div>\n\t\t\t\t<\/div>\n\t\t","protected":false},"excerpt":{"rendered":"<p>Rossetti e Vergani srl si impegna nel proteggere la vostra privacy e nello sviluppare nuove tecnologie per darvi nuove esperienze online sempre pi\u00f9 sicure ed interessanti. Rossetti e Vergani srl rispetta la Privacy di chiunque visiti questo sito web; le informazioni eventualmente raccolte serviranno per fornire i servizi richiesti e saranno trattate in conformit\u00e0 alle [&hellip;]<\/p>\n","protected":false},"author":1,"featured_media":2073,"parent":0,"menu_order":0,"comment_status":"closed","ping_status":"closed","template":"","meta":{"footnotes":""},"class_list":["post-2015","page","type-page","status-publish","has-post-thumbnail","hentry"],"yoast_head":"<!-- This site is optimized with the Yoast SEO plugin v27.1.1 - https:\/\/yoast.com\/product\/yoast-seo-wordpress\/ -->\n<title>Privacy &amp; Cookies<\/title>\n<meta name=\"description\" content=\"Privacy &amp; Cookies\" \/>\n<meta name=\"robots\" content=\"noindex, follow\" \/>\n<meta property=\"og:locale\" content=\"it_IT\" \/>\n<meta property=\"og:type\" content=\"article\" \/>\n<meta property=\"og:title\" content=\"Privacy &amp; Cookies\" \/>\n<meta property=\"og:description\" content=\"Privacy &amp; Cookies\" \/>\n<meta property=\"og:url\" content=\"https:\/\/www.rossettievergani.com\/index.php\/privacy-e-cookies\/\" \/>\n<meta property=\"og:site_name\" content=\"Rossetti e Vergani\" \/>\n<meta property=\"article:modified_time\" content=\"2024-09-06T12:52:31+00:00\" \/>\n<meta property=\"og:image\" content=\"https:\/\/www.rossettievergani.com\/wp-content\/uploads\/2024\/07\/privacy-e-cookies.webp\" \/>\n\t<meta property=\"og:image:width\" content=\"1200\" \/>\n\t<meta property=\"og:image:height\" content=\"628\" \/>\n\t<meta property=\"og:image:type\" content=\"image\/webp\" \/>\n<meta name=\"twitter:card\" content=\"summary_large_image\" \/>\n<meta name=\"twitter:label1\" content=\"Tempo di lettura stimato\" \/>\n\t<meta name=\"twitter:data1\" content=\"1 minuto\" \/>\n<script type=\"application\/ld+json\" class=\"yoast-schema-graph\">{\"@context\":\"https:\/\/schema.org\",\"@graph\":[{\"@type\":\"WebPage\",\"@id\":\"https:\/\/www.rossettievergani.com\/index.php\/privacy-e-cookies\/\",\"url\":\"https:\/\/www.rossettievergani.com\/index.php\/privacy-e-cookies\/\",\"name\":\"Privacy & Cookies\",\"isPartOf\":{\"@id\":\"https:\/\/www.rossettievergani.com\/#website\"},\"primaryImageOfPage\":{\"@id\":\"https:\/\/www.rossettievergani.com\/index.php\/privacy-e-cookies\/#primaryimage\"},\"image\":{\"@id\":\"https:\/\/www.rossettievergani.com\/index.php\/privacy-e-cookies\/#primaryimage\"},\"thumbnailUrl\":\"https:\/\/www.rossettievergani.com\/wp-content\/uploads\/2024\/07\/privacy-e-cookies.webp\",\"datePublished\":\"2024-07-17T14:01:27+00:00\",\"dateModified\":\"2024-09-06T12:52:31+00:00\",\"description\":\"Privacy & Cookies\",\"breadcrumb\":{\"@id\":\"https:\/\/www.rossettievergani.com\/index.php\/privacy-e-cookies\/#breadcrumb\"},\"inLanguage\":\"it-IT\",\"potentialAction\":[{\"@type\":\"ReadAction\",\"target\":[\"https:\/\/www.rossettievergani.com\/index.php\/privacy-e-cookies\/\"]}]},{\"@type\":\"ImageObject\",\"inLanguage\":\"it-IT\",\"@id\":\"https:\/\/www.rossettievergani.com\/index.php\/privacy-e-cookies\/#primaryimage\",\"url\":\"https:\/\/www.rossettievergani.com\/wp-content\/uploads\/2024\/07\/privacy-e-cookies.webp\",\"contentUrl\":\"https:\/\/www.rossettievergani.com\/wp-content\/uploads\/2024\/07\/privacy-e-cookies.webp\",\"width\":1200,\"height\":628,\"caption\":\"privacy e cookies\"},{\"@type\":\"BreadcrumbList\",\"@id\":\"https:\/\/www.rossettievergani.com\/index.php\/privacy-e-cookies\/#breadcrumb\",\"itemListElement\":[{\"@type\":\"ListItem\",\"position\":1,\"name\":\"Home\",\"item\":\"https:\/\/www.rossettievergani.com\/\"},{\"@type\":\"ListItem\",\"position\":2,\"name\":\"Privacy &amp; Cookies\"}]},{\"@type\":\"WebSite\",\"@id\":\"https:\/\/www.rossettievergani.com\/#website\",\"url\":\"https:\/\/www.rossettievergani.com\/\",\"name\":\"Rossetti e Vergani\",\"description\":\"\",\"publisher\":{\"@id\":\"https:\/\/www.rossettievergani.com\/#organization\"},\"potentialAction\":[{\"@type\":\"SearchAction\",\"target\":{\"@type\":\"EntryPoint\",\"urlTemplate\":\"https:\/\/www.rossettievergani.com\/?s={search_term_string}\"},\"query-input\":{\"@type\":\"PropertyValueSpecification\",\"valueRequired\":true,\"valueName\":\"search_term_string\"}}],\"inLanguage\":\"it-IT\"},{\"@type\":\"Organization\",\"@id\":\"https:\/\/www.rossettievergani.com\/#organization\",\"name\":\"Rossetti e Vergani\",\"url\":\"https:\/\/www.rossettievergani.com\/\",\"logo\":{\"@type\":\"ImageObject\",\"inLanguage\":\"it-IT\",\"@id\":\"https:\/\/www.rossettievergani.com\/#\/schema\/logo\/image\/\",\"url\":\"https:\/\/www.rossettievergani.com\/wp-content\/uploads\/2024\/06\/Logo-Rossetti-e-Vergani-RoVe.webp\",\"contentUrl\":\"https:\/\/www.rossettievergani.com\/wp-content\/uploads\/2024\/06\/Logo-Rossetti-e-Vergani-RoVe.webp\",\"width\":500,\"height\":304,\"caption\":\"Rossetti e Vergani\"},\"image\":{\"@id\":\"https:\/\/www.rossettievergani.com\/#\/schema\/logo\/image\/\"}}]}<\/script>\n<!-- \/ Yoast SEO plugin. -->","yoast_head_json":{"title":"Privacy & Cookies","description":"Privacy & Cookies","robots":{"index":"noindex","follow":"follow"},"og_locale":"it_IT","og_type":"article","og_title":"Privacy & Cookies","og_description":"Privacy & Cookies","og_url":"https:\/\/www.rossettievergani.com\/index.php\/privacy-e-cookies\/","og_site_name":"Rossetti e Vergani","article_modified_time":"2024-09-06T12:52:31+00:00","og_image":[{"width":1200,"height":628,"url":"https:\/\/www.rossettievergani.com\/wp-content\/uploads\/2024\/07\/privacy-e-cookies.webp","type":"image\/webp"}],"twitter_card":"summary_large_image","twitter_misc":{"Tempo di lettura stimato":"1 minuto"},"schema":{"@context":"https:\/\/schema.org","@graph":[{"@type":"WebPage","@id":"https:\/\/www.rossettievergani.com\/index.php\/privacy-e-cookies\/","url":"https:\/\/www.rossettievergani.com\/index.php\/privacy-e-cookies\/","name":"Privacy & Cookies","isPartOf":{"@id":"https:\/\/www.rossettievergani.com\/#website"},"primaryImageOfPage":{"@id":"https:\/\/www.rossettievergani.com\/index.php\/privacy-e-cookies\/#primaryimage"},"image":{"@id":"https:\/\/www.rossettievergani.com\/index.php\/privacy-e-cookies\/#primaryimage"},"thumbnailUrl":"https:\/\/www.rossettievergani.com\/wp-content\/uploads\/2024\/07\/privacy-e-cookies.webp","datePublished":"2024-07-17T14:01:27+00:00","dateModified":"2024-09-06T12:52:31+00:00","description":"Privacy & Cookies","breadcrumb":{"@id":"https:\/\/www.rossettievergani.com\/index.php\/privacy-e-cookies\/#breadcrumb"},"inLanguage":"it-IT","potentialAction":[{"@type":"ReadAction","target":["https:\/\/www.rossettievergani.com\/index.php\/privacy-e-cookies\/"]}]},{"@type":"ImageObject","inLanguage":"it-IT","@id":"https:\/\/www.rossettievergani.com\/index.php\/privacy-e-cookies\/#primaryimage","url":"https:\/\/www.rossettievergani.com\/wp-content\/uploads\/2024\/07\/privacy-e-cookies.webp","contentUrl":"https:\/\/www.rossettievergani.com\/wp-content\/uploads\/2024\/07\/privacy-e-cookies.webp","width":1200,"height":628,"caption":"privacy e cookies"},{"@type":"BreadcrumbList","@id":"https:\/\/www.rossettievergani.com\/index.php\/privacy-e-cookies\/#breadcrumb","itemListElement":[{"@type":"ListItem","position":1,"name":"Home","item":"https:\/\/www.rossettievergani.com\/"},{"@type":"ListItem","position":2,"name":"Privacy &amp; Cookies"}]},{"@type":"WebSite","@id":"https:\/\/www.rossettievergani.com\/#website","url":"https:\/\/www.rossettievergani.com\/","name":"Rossetti e Vergani","description":"","publisher":{"@id":"https:\/\/www.rossettievergani.com\/#organization"},"potentialAction":[{"@type":"SearchAction","target":{"@type":"EntryPoint","urlTemplate":"https:\/\/www.rossettievergani.com\/?s={search_term_string}"},"query-input":{"@type":"PropertyValueSpecification","valueRequired":true,"valueName":"search_term_string"}}],"inLanguage":"it-IT"},{"@type":"Organization","@id":"https:\/\/www.rossettievergani.com\/#organization","name":"Rossetti e Vergani","url":"https:\/\/www.rossettievergani.com\/","logo":{"@type":"ImageObject","inLanguage":"it-IT","@id":"https:\/\/www.rossettievergani.com\/#\/schema\/logo\/image\/","url":"https:\/\/www.rossettievergani.com\/wp-content\/uploads\/2024\/06\/Logo-Rossetti-e-Vergani-RoVe.webp","contentUrl":"https:\/\/www.rossettievergani.com\/wp-content\/uploads\/2024\/06\/Logo-Rossetti-e-Vergani-RoVe.webp","width":500,"height":304,"caption":"Rossetti e Vergani"},"image":{"@id":"https:\/\/www.rossettievergani.com\/#\/schema\/logo\/image\/"}}]}},"_links":{"self":[{"href":"https:\/\/www.rossettievergani.com\/index.php\/wp-json\/wp\/v2\/pages\/2015","targetHints":{"allow":["GET"]}}],"collection":[{"href":"https:\/\/www.rossettievergani.com\/index.php\/wp-json\/wp\/v2\/pages"}],"about":[{"href":"https:\/\/www.rossettievergani.com\/index.php\/wp-json\/wp\/v2\/types\/page"}],"author":[{"embeddable":true,"href":"https:\/\/www.rossettievergani.com\/index.php\/wp-json\/wp\/v2\/users\/1"}],"replies":[{"embeddable":true,"href":"https:\/\/www.rossettievergani.com\/index.php\/wp-json\/wp\/v2\/comments?post=2015"}],"version-history":[{"count":49,"href":"https:\/\/www.rossettievergani.com\/index.php\/wp-json\/wp\/v2\/pages\/2015\/revisions"}],"predecessor-version":[{"id":2293,"href":"https:\/\/www.rossettievergani.com\/index.php\/wp-json\/wp\/v2\/pages\/2015\/revisions\/2293"}],"wp:featuredmedia":[{"embeddable":true,"href":"https:\/\/www.rossettievergani.com\/index.php\/wp-json\/wp\/v2\/media\/2073"}],"wp:attachment":[{"href":"https:\/\/www.rossettievergani.com\/index.php\/wp-json\/wp\/v2\/media?parent=2015"}],"curies":[{"name":"wp","href":"https:\/\/api.w.org\/{rel}","templated":true}]}}